{"id":1526,"date":"2015-03-28T12:34:39","date_gmt":"2015-03-28T11:34:39","guid":{"rendered":"http:\/\/www.jgcreinerbeck.de\/wp\/?page_id=1526"},"modified":"2016-11-06T18:20:59","modified_gmt":"2016-11-06T17:20:59","slug":"himmelfahrtstour-2013","status":"publish","type":"page","link":"https:\/\/www.jgcreinerbeck.de\/wp\/photos\/bilderauswahl-2013\/himmelfahrtstour-2013\/","title":{"rendered":"2013 Himmelfahrtstour"},"content":{"rendered":"<p>Die diesj\u00e4hrige Himmelfahrtstour startete mit sch\u00f6nem Wetter bei Posteholz. Nach einer Wanderung zum DGH lie\u00dfen wir den Tag mit Getr\u00e4nken und Getrilltem ausklingen.<\/p>\n<p>&nbsp;<\/p>\n<p>[Klicke auf die Bilder, um eine gr\u00f6\u00dfere Ansicht zu erhalten]<\/p>\n<p>[nggallery id=25]<\/p>\n","protected":false},"excerpt":{"rendered":"<p>Die diesj\u00e4hrige Himmelfahrtstour startete mit sch\u00f6nem Wetter bei Posteholz. Nach einer Wanderung zum DGH lie\u00dfen wir den Tag mit Getr\u00e4nken und Getrilltem ausklingen. &nbsp; [Klicke auf die Bilder, um eine gr\u00f6\u00dfere Ansicht zu erhalten] [nggallery id=25]<\/p>\n","protected":false},"author":1,"featured_media":0,"parent":1524,"menu_order":500,"comment_status":"closed","ping_status":"closed","template":"","meta":{"footnotes":""},"class_list":["post-1526","page","type-page","status-publish","hentry"],"_links":{"self":[{"href":"https:\/\/www.jgcreinerbeck.de\/wp\/wp-json\/wp\/v2\/pages\/1526","targetHints":{"allow":["GET"]}}],"collection":[{"href":"https:\/\/www.jgcreinerbeck.de\/wp\/wp-json\/wp\/v2\/pages"}],"about":[{"href":"https:\/\/www.jgcreinerbeck.de\/wp\/wp-json\/wp\/v2\/types\/page"}],"author":[{"embeddable":true,"href":"https:\/\/www.jgcreinerbeck.de\/wp\/wp-json\/wp\/v2\/users\/1"}],"replies":[{"embeddable":true,"href":"https:\/\/www.jgcreinerbeck.de\/wp\/wp-json\/wp\/v2\/comments?post=1526"}],"version-history":[{"count":4,"href":"https:\/\/www.jgcreinerbeck.de\/wp\/wp-json\/wp\/v2\/pages\/1526\/revisions"}],"predecessor-version":[{"id":4096,"href":"https:\/\/www.jgcreinerbeck.de\/wp\/wp-json\/wp\/v2\/pages\/1526\/revisions\/4096"}],"up":[{"embeddable":true,"href":"https:\/\/www.jgcreinerbeck.de\/wp\/wp-json\/wp\/v2\/pages\/1524"}],"wp:attachment":[{"href":"https:\/\/www.jgcreinerbeck.de\/wp\/wp-json\/wp\/v2\/media?parent=1526"}],"curies":[{"name":"wp","href":"https:\/\/api.w.org\/{rel}","templated":true}]}}