{"id":1558,"date":"2015-03-28T14:47:51","date_gmt":"2015-03-28T13:47:51","guid":{"rendered":"http:\/\/www.jgcreinerbeck.de\/wp\/?page_id=1558"},"modified":"2016-11-06T14:56:14","modified_gmt":"2016-11-06T13:56:14","slug":"umzug-scheunenfest-2013","status":"publish","type":"page","link":"https:\/\/www.jgcreinerbeck.de\/wp\/photos\/bilderauswahl-2013\/scheuenenfest-2013\/umzug-scheunenfest-2013\/","title":{"rendered":"Umzug"},"content":{"rendered":"<p>Am n\u00e4chsten Tag fand der Festumzug statt. Mit den angereisten Vereinen und G\u00e4sten feierten wir dann bis zum sp\u00e4ten Abend.<\/p>\n<p>[Klicke auf die Bilder, um eine gr\u00f6\u00dfere Ansicht zu erhalten]<\/p>\n<p>[nggallery id=30]<\/p>\n","protected":false},"excerpt":{"rendered":"<p>Am n\u00e4chsten Tag fand der Festumzug statt. Mit den angereisten Vereinen und G\u00e4sten feierten wir dann bis zum sp\u00e4ten Abend. [Klicke auf die Bilder, um eine gr\u00f6\u00dfere Ansicht zu erhalten] [nggallery id=30]<\/p>\n","protected":false},"author":1,"featured_media":0,"parent":1530,"menu_order":300,"comment_status":"closed","ping_status":"closed","template":"","meta":{"footnotes":""},"class_list":["post-1558","page","type-page","status-publish","hentry"],"_links":{"self":[{"href":"https:\/\/www.jgcreinerbeck.de\/wp\/wp-json\/wp\/v2\/pages\/1558","targetHints":{"allow":["GET"]}}],"collection":[{"href":"https:\/\/www.jgcreinerbeck.de\/wp\/wp-json\/wp\/v2\/pages"}],"about":[{"href":"https:\/\/www.jgcreinerbeck.de\/wp\/wp-json\/wp\/v2\/types\/page"}],"author":[{"embeddable":true,"href":"https:\/\/www.jgcreinerbeck.de\/wp\/wp-json\/wp\/v2\/users\/1"}],"replies":[{"embeddable":true,"href":"https:\/\/www.jgcreinerbeck.de\/wp\/wp-json\/wp\/v2\/comments?post=1558"}],"version-history":[{"count":5,"href":"https:\/\/www.jgcreinerbeck.de\/wp\/wp-json\/wp\/v2\/pages\/1558\/revisions"}],"predecessor-version":[{"id":1576,"href":"https:\/\/www.jgcreinerbeck.de\/wp\/wp-json\/wp\/v2\/pages\/1558\/revisions\/1576"}],"up":[{"embeddable":true,"href":"https:\/\/www.jgcreinerbeck.de\/wp\/wp-json\/wp\/v2\/pages\/1530"}],"wp:attachment":[{"href":"https:\/\/www.jgcreinerbeck.de\/wp\/wp-json\/wp\/v2\/media?parent=1558"}],"curies":[{"name":"wp","href":"https:\/\/api.w.org\/{rel}","templated":true}]}}